{"id":12745,"date":"2016-10-04T12:44:27","date_gmt":"2016-10-04T09:44:27","guid":{"rendered":"http:\/\/laitserallypark.ee\/vanaautode\/"},"modified":"2017-06-06T20:49:36","modified_gmt":"2017-06-06T17:49:36","slug":"vanaautode","status":"publish","type":"page","link":"https:\/\/old.laitserallypark.ee\/fi\/vanaautode\/","title":{"rendered":"UNIC"},"content":{"rendered":"<p><\/p><input class=\"fooboxshare_post_id\" type=\"hidden\" value=\"12745\"\/>","protected":false},"excerpt":{"rendered":"","protected":false},"author":7,"featured_media":0,"parent":0,"menu_order":0,"comment_status":"closed","ping_status":"closed","template":"page-subpage.php","meta":{"footnotes":""},"acf":[],"yoast_head":"<!-- This site is optimized with the Yoast SEO plugin v21.3 - https:\/\/yoast.com\/wordpress\/plugins\/seo\/ -->\n<title>Vanaautode kollektsioon, rent, pulmas\u00f5idud - LaitseRallyPark<\/title>\n<meta name=\"description\" content=\"LaitseRallyPark vanaautode kollektsiooniga saab ka l\u00e4hemalt tutvuda. Lisaks on v\u00f5imalik autosid rentida stiilipidudeks, filmiv\u00f5tetele ja pulmas\u00f5itudeks.\" \/>\n<meta name=\"robots\" content=\"noindex, follow, max-snippet:-1, max-image-preview:large, max-video-preview:-1\" \/>\n<meta property=\"og:locale\" content=\"fi_FI\" \/>\n<meta property=\"og:type\" content=\"article\" \/>\n<meta property=\"og:title\" content=\"Vanaautode kollektsioon, rent, pulmas\u00f5idud - LaitseRallyPark\" \/>\n<meta property=\"og:description\" content=\"LaitseRallyPark vanaautode kollektsiooniga saab ka l\u00e4hemalt tutvuda. Lisaks on v\u00f5imalik autosid rentida stiilipidudeks, filmiv\u00f5tetele ja pulmas\u00f5itudeks.\" \/>\n<meta property=\"og:url\" content=\"https:\/\/old.laitserallypark.ee\/fi\/vanaautode\/\" \/>\n<meta property=\"og:site_name\" content=\"LaitseRallyPark\" \/>\n<meta property=\"article:publisher\" content=\"https:\/\/www.facebook.com\/LaitseRallyPark\/\" \/>\n<meta property=\"article:modified_time\" content=\"2017-06-06T17:49:36+00:00\" \/>\n<meta name=\"twitter:card\" content=\"summary_large_image\" \/>\n<script type=\"application\/ld+json\" class=\"yoast-schema-graph\">{\"@context\":\"https:\/\/schema.org\",\"@graph\":[{\"@type\":\"WebPage\",\"@id\":\"https:\/\/old.laitserallypark.ee\/fi\/vanaautode\/\",\"url\":\"https:\/\/old.laitserallypark.ee\/fi\/vanaautode\/\",\"name\":\"Vanaautode kollektsioon, rent, pulmas\u00f5idud - LaitseRallyPark\",\"isPartOf\":{\"@id\":\"https:\/\/old.laitserallypark.ee\/#website\"},\"datePublished\":\"2016-10-04T09:44:27+00:00\",\"dateModified\":\"2017-06-06T17:49:36+00:00\",\"description\":\"LaitseRallyPark vanaautode kollektsiooniga saab ka l\u00e4hemalt tutvuda. Lisaks on v\u00f5imalik autosid rentida stiilipidudeks, filmiv\u00f5tetele ja pulmas\u00f5itudeks.\",\"breadcrumb\":{\"@id\":\"https:\/\/old.laitserallypark.ee\/fi\/vanaautode\/#breadcrumb\"},\"inLanguage\":\"fi\",\"potentialAction\":[{\"@type\":\"ReadAction\",\"target\":[\"https:\/\/old.laitserallypark.ee\/fi\/vanaautode\/\"]}]},{\"@type\":\"BreadcrumbList\",\"@id\":\"https:\/\/old.laitserallypark.ee\/fi\/vanaautode\/#breadcrumb\",\"itemListElement\":[{\"@type\":\"ListItem\",\"position\":1,\"name\":\"Home\",\"item\":\"https:\/\/old.laitserallypark.ee\/fi\/\"},{\"@type\":\"ListItem\",\"position\":2,\"name\":\"UNIC\"}]},{\"@type\":\"WebSite\",\"@id\":\"https:\/\/old.laitserallypark.ee\/#website\",\"url\":\"https:\/\/old.laitserallypark.ee\/\",\"name\":\"LaitseRallyPark\",\"description\":\"LaitseRallyPark\",\"potentialAction\":[{\"@type\":\"SearchAction\",\"target\":{\"@type\":\"EntryPoint\",\"urlTemplate\":\"https:\/\/old.laitserallypark.ee\/search\/{search_term_string}\"},\"query-input\":\"required name=search_term_string\"}],\"inLanguage\":\"fi\"}]}<\/script>\n<!-- \/ Yoast SEO plugin. -->","yoast_head_json":{"title":"Vanaautode kollektsioon, rent, pulmas\u00f5idud - LaitseRallyPark","description":"LaitseRallyPark vanaautode kollektsiooniga saab ka l\u00e4hemalt tutvuda. Lisaks on v\u00f5imalik autosid rentida stiilipidudeks, filmiv\u00f5tetele ja pulmas\u00f5itudeks.","robots":{"index":"noindex","follow":"follow","max-snippet":"max-snippet:-1","max-image-preview":"max-image-preview:large","max-video-preview":"max-video-preview:-1"},"og_locale":"fi_FI","og_type":"article","og_title":"Vanaautode kollektsioon, rent, pulmas\u00f5idud - LaitseRallyPark","og_description":"LaitseRallyPark vanaautode kollektsiooniga saab ka l\u00e4hemalt tutvuda. Lisaks on v\u00f5imalik autosid rentida stiilipidudeks, filmiv\u00f5tetele ja pulmas\u00f5itudeks.","og_url":"https:\/\/old.laitserallypark.ee\/fi\/vanaautode\/","og_site_name":"LaitseRallyPark","article_publisher":"https:\/\/www.facebook.com\/LaitseRallyPark\/","article_modified_time":"2017-06-06T17:49:36+00:00","twitter_card":"summary_large_image","schema":{"@context":"https:\/\/schema.org","@graph":[{"@type":"WebPage","@id":"https:\/\/old.laitserallypark.ee\/fi\/vanaautode\/","url":"https:\/\/old.laitserallypark.ee\/fi\/vanaautode\/","name":"Vanaautode kollektsioon, rent, pulmas\u00f5idud - LaitseRallyPark","isPartOf":{"@id":"https:\/\/old.laitserallypark.ee\/#website"},"datePublished":"2016-10-04T09:44:27+00:00","dateModified":"2017-06-06T17:49:36+00:00","description":"LaitseRallyPark vanaautode kollektsiooniga saab ka l\u00e4hemalt tutvuda. Lisaks on v\u00f5imalik autosid rentida stiilipidudeks, filmiv\u00f5tetele ja pulmas\u00f5itudeks.","breadcrumb":{"@id":"https:\/\/old.laitserallypark.ee\/fi\/vanaautode\/#breadcrumb"},"inLanguage":"fi","potentialAction":[{"@type":"ReadAction","target":["https:\/\/old.laitserallypark.ee\/fi\/vanaautode\/"]}]},{"@type":"BreadcrumbList","@id":"https:\/\/old.laitserallypark.ee\/fi\/vanaautode\/#breadcrumb","itemListElement":[{"@type":"ListItem","position":1,"name":"Home","item":"https:\/\/old.laitserallypark.ee\/fi\/"},{"@type":"ListItem","position":2,"name":"UNIC"}]},{"@type":"WebSite","@id":"https:\/\/old.laitserallypark.ee\/#website","url":"https:\/\/old.laitserallypark.ee\/","name":"LaitseRallyPark","description":"LaitseRallyPark","potentialAction":[{"@type":"SearchAction","target":{"@type":"EntryPoint","urlTemplate":"https:\/\/old.laitserallypark.ee\/search\/{search_term_string}"},"query-input":"required name=search_term_string"}],"inLanguage":"fi"}]}},"_links":{"self":[{"href":"https:\/\/old.laitserallypark.ee\/fi\/wp-json\/wp\/v2\/pages\/12745"}],"collection":[{"href":"https:\/\/old.laitserallypark.ee\/fi\/wp-json\/wp\/v2\/pages"}],"about":[{"href":"https:\/\/old.laitserallypark.ee\/fi\/wp-json\/wp\/v2\/types\/page"}],"author":[{"embeddable":true,"href":"https:\/\/old.laitserallypark.ee\/fi\/wp-json\/wp\/v2\/users\/7"}],"replies":[{"embeddable":true,"href":"https:\/\/old.laitserallypark.ee\/fi\/wp-json\/wp\/v2\/comments?post=12745"}],"version-history":[{"count":0,"href":"https:\/\/old.laitserallypark.ee\/fi\/wp-json\/wp\/v2\/pages\/12745\/revisions"}],"wp:attachment":[{"href":"https:\/\/old.laitserallypark.ee\/fi\/wp-json\/wp\/v2\/media?parent=12745"}],"curies":[{"name":"wp","href":"https:\/\/api.w.org\/{rel}","templated":true}]}}