{"id":26237,"date":"2022-02-04T11:23:42","date_gmt":"2022-02-04T09:23:42","guid":{"rendered":"https:\/\/laitserallypark.ee\/?post_type=product&#038;p=26237"},"modified":"2023-09-01T19:29:37","modified_gmt":"2023-09-01T16:29:37","slug":"eesti-autosport-2021","status":"publish","type":"product","link":"https:\/\/old.laitserallypark.ee\/en\/toode\/eesti-autosport-2021\/","title":{"rendered":"RAAMAT &#8220;Eesti Autosport 2021&#8221;"},"content":{"rendered":"<p>Suur osa aastaraamatust &#8221; Eesti Autosport 2021&#8243; on p\u00fchendatud Eesti autospordi saja-aastasele ajaloole, kuid ei puudu ka traditsiooniline kokkuv\u00f5te m\u00f6\u00f6dunud hooajast. Raamatu tekstid on kirjutanud Eesti parimad autospordiajakirjanikud.<\/p>\n<p>Koostaja: Kristjan Sooper<\/p>\n<p>ISSN: 9772346587095<\/p>\n<p>V\u00e4ljaandja: Eesti Autospordi Liit<\/p>\n<p>Lehek\u00fclgi: 320<\/p>\n<p><\/p><input class=\"fooboxshare_post_id\" type=\"hidden\" value=\"26237\"\/>","protected":false},"excerpt":{"rendered":"<p>\u0411\u043e\u043b\u044c\u0448\u0430\u044f \u0447\u0430\u0441\u0442\u044c \u0435\u0436\u0435\u0433\u043e\u0434\u043d\u0438\u043a\u0430 \u00abEesti Autosport 2021\u00bb \u043f\u043e\u0441\u0432\u044f\u0449\u0435\u043d\u0430 \u0441\u0442\u043e\u043b\u0435\u0442\u043d\u0435\u0439 \u0438\u0441\u0442\u043e\u0440\u0438\u0438 \u044d\u0441\u0442\u043e\u043d\u0441\u043a\u043e\u0433\u043e \u0430\u0432\u0442\u043e\u0441\u043f\u043e\u0440\u0442\u0430, \u043d\u043e \u0435\u0441\u0442\u044c \u0438 \u0442\u0440\u0430\u0434\u0438\u0446\u0438\u043e\u043d\u043d\u044b\u0435 \u0438\u0442\u043e\u0433\u0438 \u043f\u0440\u043e\u0448\u0435\u0434\u0448\u0435\u0433\u043e \u0441\u0435\u0437\u043e\u043d\u0430. \u0422\u0435\u043a\u0441\u0442\u044b \u0434\u043b\u044f \u043a\u043d\u0438\u0433\u0438 \u043d\u0430\u043f\u0438\u0441\u0430\u043b\u0438 \u043b\u0443\u0447\u0448\u0438\u0435 \u0430\u0432\u0442\u043e\u0441\u043f\u043e\u0440\u0442\u0438\u0432\u043d\u044b\u0435 \u0436\u0443\u0440\u043d\u0430\u043b\u0438\u0441\u0442\u044b \u042d\u0441\u0442\u043e\u043d\u0438\u0438.<\/p>\n<p>&nbsp;<\/p>\n","protected":false},"featured_media":26238,"template":"","meta":[],"product_cat":[82],"product_tag":[],"acf":[],"yoast_head":"<!-- This site is optimized with the Yoast SEO plugin v21.3 - https:\/\/yoast.com\/wordpress\/plugins\/seo\/ -->\n<title>RAAMAT &quot;Eesti Autosport 2021&quot; - LaitseRallyPark<\/title>\n<meta name=\"description\" content=\"Aastaraamat &quot;Eesti Autosport 2021&quot; on p\u00fchendatud Eesti autospordi saja-aastasele ajaloole ning sisaldab traditsiooniline kokkuv\u00f5te m\u00f6\u00f6dunud hooajast.\" \/>\n<meta name=\"robots\" content=\"noindex, follow, max-snippet:-1, max-image-preview:large, max-video-preview:-1\" \/>\n<meta property=\"og:locale\" content=\"en_US\" \/>\n<meta property=\"og:type\" content=\"article\" \/>\n<meta property=\"og:title\" content=\"RAAMAT &quot;Eesti Autosport 2021&quot; - LaitseRallyPark\" \/>\n<meta property=\"og:description\" content=\"Aastaraamat &quot;Eesti Autosport 2021&quot; on p\u00fchendatud Eesti autospordi saja-aastasele ajaloole ning sisaldab traditsiooniline kokkuv\u00f5te m\u00f6\u00f6dunud hooajast.\" \/>\n<meta property=\"og:url\" content=\"https:\/\/old.laitserallypark.ee\/toode\/eesti-autosport-2021\/\" \/>\n<meta property=\"og:site_name\" content=\"LaitseRallyPark\" \/>\n<meta property=\"article:publisher\" content=\"https:\/\/www.facebook.com\/LaitseRallyPark\/\" \/>\n<meta property=\"article:modified_time\" content=\"2023-09-01T16:29:37+00:00\" \/>\n<meta property=\"og:image\" content=\"https:\/\/old.laitserallypark.ee\/wp-content\/uploads\/2022\/02\/esikaas.jpg\" \/>\n\t<meta property=\"og:image:width\" content=\"1375\" \/>\n\t<meta property=\"og:image:height\" content=\"2017\" \/>\n\t<meta property=\"og:image:type\" content=\"image\/jpeg\" \/>\n<meta name=\"twitter:card\" content=\"summary_large_image\" \/>\n<meta name=\"twitter:label1\" content=\"Est. reading time\" \/>\n\t<meta name=\"twitter:data1\" content=\"1 minute\" \/>\n<script type=\"application\/ld+json\" class=\"yoast-schema-graph\">{\"@context\":\"https:\/\/schema.org\",\"@graph\":[{\"@type\":\"WebPage\",\"@id\":\"https:\/\/old.laitserallypark.ee\/toode\/eesti-autosport-2021\/\",\"url\":\"https:\/\/old.laitserallypark.ee\/toode\/eesti-autosport-2021\/\",\"name\":\"RAAMAT \\\"Eesti Autosport 2021\\\" - LaitseRallyPark\",\"isPartOf\":{\"@id\":\"https:\/\/old.laitserallypark.ee\/#website\"},\"datePublished\":\"2022-02-04T09:23:42+00:00\",\"dateModified\":\"2023-09-01T16:29:37+00:00\",\"description\":\"Aastaraamat \\\"Eesti Autosport 2021\\\" on p\u00fchendatud Eesti autospordi saja-aastasele ajaloole ning sisaldab traditsiooniline kokkuv\u00f5te m\u00f6\u00f6dunud hooajast.\",\"breadcrumb\":{\"@id\":\"https:\/\/old.laitserallypark.ee\/toode\/eesti-autosport-2021\/#breadcrumb\"},\"inLanguage\":\"en-US\",\"potentialAction\":[{\"@type\":\"ReadAction\",\"target\":[\"https:\/\/old.laitserallypark.ee\/toode\/eesti-autosport-2021\/\"]}]},{\"@type\":\"BreadcrumbList\",\"@id\":\"https:\/\/old.laitserallypark.ee\/toode\/eesti-autosport-2021\/#breadcrumb\",\"itemListElement\":[{\"@type\":\"ListItem\",\"position\":1,\"name\":\"Home\",\"item\":\"https:\/\/old.laitserallypark.ee\/en\/\"},{\"@type\":\"ListItem\",\"position\":2,\"name\":\"E-pood\",\"item\":\"https:\/\/old.laitserallypark.ee\/pood\/\"},{\"@type\":\"ListItem\",\"position\":3,\"name\":\"RAAMAT &#8220;Eesti Autosport 2021&#8221;\"}]},{\"@type\":\"WebSite\",\"@id\":\"https:\/\/old.laitserallypark.ee\/#website\",\"url\":\"https:\/\/old.laitserallypark.ee\/\",\"name\":\"LaitseRallyPark\",\"description\":\"LaitseRallyPark\",\"potentialAction\":[{\"@type\":\"SearchAction\",\"target\":{\"@type\":\"EntryPoint\",\"urlTemplate\":\"https:\/\/old.laitserallypark.ee\/search\/{search_term_string}\"},\"query-input\":\"required name=search_term_string\"}],\"inLanguage\":\"en-US\"}]}<\/script>\n<!-- \/ Yoast SEO plugin. -->","yoast_head_json":{"title":"RAAMAT \"Eesti Autosport 2021\" - LaitseRallyPark","description":"Aastaraamat \"Eesti Autosport 2021\" on p\u00fchendatud Eesti autospordi saja-aastasele ajaloole ning sisaldab traditsiooniline kokkuv\u00f5te m\u00f6\u00f6dunud hooajast.","robots":{"index":"noindex","follow":"follow","max-snippet":"max-snippet:-1","max-image-preview":"max-image-preview:large","max-video-preview":"max-video-preview:-1"},"og_locale":"en_US","og_type":"article","og_title":"RAAMAT \"Eesti Autosport 2021\" - LaitseRallyPark","og_description":"Aastaraamat \"Eesti Autosport 2021\" on p\u00fchendatud Eesti autospordi saja-aastasele ajaloole ning sisaldab traditsiooniline kokkuv\u00f5te m\u00f6\u00f6dunud hooajast.","og_url":"https:\/\/old.laitserallypark.ee\/toode\/eesti-autosport-2021\/","og_site_name":"LaitseRallyPark","article_publisher":"https:\/\/www.facebook.com\/LaitseRallyPark\/","article_modified_time":"2023-09-01T16:29:37+00:00","og_image":[{"width":1375,"height":2017,"url":"https:\/\/old.laitserallypark.ee\/wp-content\/uploads\/2022\/02\/esikaas.jpg","type":"image\/jpeg"}],"twitter_card":"summary_large_image","twitter_misc":{"Est. reading time":"1 minute"},"schema":{"@context":"https:\/\/schema.org","@graph":[{"@type":"WebPage","@id":"https:\/\/old.laitserallypark.ee\/toode\/eesti-autosport-2021\/","url":"https:\/\/old.laitserallypark.ee\/toode\/eesti-autosport-2021\/","name":"RAAMAT \"Eesti Autosport 2021\" - LaitseRallyPark","isPartOf":{"@id":"https:\/\/old.laitserallypark.ee\/#website"},"datePublished":"2022-02-04T09:23:42+00:00","dateModified":"2023-09-01T16:29:37+00:00","description":"Aastaraamat \"Eesti Autosport 2021\" on p\u00fchendatud Eesti autospordi saja-aastasele ajaloole ning sisaldab traditsiooniline kokkuv\u00f5te m\u00f6\u00f6dunud hooajast.","breadcrumb":{"@id":"https:\/\/old.laitserallypark.ee\/toode\/eesti-autosport-2021\/#breadcrumb"},"inLanguage":"en-US","potentialAction":[{"@type":"ReadAction","target":["https:\/\/old.laitserallypark.ee\/toode\/eesti-autosport-2021\/"]}]},{"@type":"BreadcrumbList","@id":"https:\/\/old.laitserallypark.ee\/toode\/eesti-autosport-2021\/#breadcrumb","itemListElement":[{"@type":"ListItem","position":1,"name":"Home","item":"https:\/\/old.laitserallypark.ee\/en\/"},{"@type":"ListItem","position":2,"name":"E-pood","item":"https:\/\/old.laitserallypark.ee\/pood\/"},{"@type":"ListItem","position":3,"name":"RAAMAT &#8220;Eesti Autosport 2021&#8221;"}]},{"@type":"WebSite","@id":"https:\/\/old.laitserallypark.ee\/#website","url":"https:\/\/old.laitserallypark.ee\/","name":"LaitseRallyPark","description":"LaitseRallyPark","potentialAction":[{"@type":"SearchAction","target":{"@type":"EntryPoint","urlTemplate":"https:\/\/old.laitserallypark.ee\/search\/{search_term_string}"},"query-input":"required name=search_term_string"}],"inLanguage":"en-US"}]}},"_links":{"self":[{"href":"https:\/\/old.laitserallypark.ee\/en\/wp-json\/wp\/v2\/product\/26237"}],"collection":[{"href":"https:\/\/old.laitserallypark.ee\/en\/wp-json\/wp\/v2\/product"}],"about":[{"href":"https:\/\/old.laitserallypark.ee\/en\/wp-json\/wp\/v2\/types\/product"}],"wp:featuredmedia":[{"embeddable":true,"href":"https:\/\/old.laitserallypark.ee\/en\/wp-json\/wp\/v2\/media\/26238"}],"wp:attachment":[{"href":"https:\/\/old.laitserallypark.ee\/en\/wp-json\/wp\/v2\/media?parent=26237"}],"wp:term":[{"taxonomy":"product_cat","embeddable":true,"href":"https:\/\/old.laitserallypark.ee\/en\/wp-json\/wp\/v2\/product_cat?post=26237"},{"taxonomy":"product_tag","embeddable":true,"href":"https:\/\/old.laitserallypark.ee\/en\/wp-json\/wp\/v2\/product_tag?post=26237"}],"curies":[{"name":"wp","href":"https:\/\/api.w.org\/{rel}","templated":true}]}}