{"id":22506,"date":"2021-11-15T14:05:47","date_gmt":"2021-11-15T12:05:47","guid":{"rendered":"https:\/\/laitserallypark.ee\/?post_type=product&#038;p=22506"},"modified":"2025-02-06T20:39:06","modified_gmt":"2025-02-06T18:39:06","slug":"automotokronika-tsaariaeg","status":"publish","type":"product","link":"https:\/\/old.laitserallypark.ee\/en\/toode\/automotokronika-tsaariaeg\/","title":{"rendered":"RAAMAT &#8220;Automotokroonika. Tsaariaeg&#8221;"},"content":{"rendered":"<p>&#8220;Automotokroonika. Tsaariaeg&#8221; on p\u00f5hjalik k\u00e4sitlus Eesti ala k\u00f5ige varajasemast autoloost. 520-lehek\u00fcljeline teos annab \u00fclevaate esimeste mootors\u00f5idukite j\u00f5udmisest Eesti- ja Liivimaale, autoklubide asutamisest, varajastest v\u00f5idus\u00f5itudest, liikluskorraldusest, \u00fchistranspordist, tulet\u00f5rjeautodest, lennundusest ning siinsetest auto-mototehnika tootjatest. Suurteosest leiab sadu haruldasi fotosid, mis aitavad ammuse aja t\u00e4nasele lugejale l\u00e4hemale tuua. Tegu on k\u00f5ige p\u00f5hjalikuma \u00fclevaatega autonduse s\u00fcnnist Eestis.<\/p>\n<p>Tekst ja illustratsioonid: Ren\u00e9 Levoll<\/p>\n<p>Toimetaja: Lea Arme<\/p>\n<p>K\u00fcljendus: Tuuli Aule<\/p>\n<p>ISBN: 978-9916-4-0786-8<\/p>\n<p>Tr\u00fckikoda: AS Printon<\/p>\n<p>V\u00e4ljaandja: LaitseRallyPark<\/p>\n<p>Ilmumisaasta: 2021<\/p>\n<p>Lehek\u00fclgi: 520<\/p>\n<p><\/p><input class=\"fooboxshare_post_id\" type=\"hidden\" value=\"22506\"\/>","protected":false},"excerpt":{"rendered":"<p>&#8220;Automotokroonika. Tsaariaeg&#8221; on p\u00f5hjalik k\u00e4sitlus Eesti ala k\u00f5ige varajasemast autoloost. 520-lehek\u00fcljeline teos annab \u00fclevaate esimeste mootors\u00f5idukite j\u00f5udmisest Eesti- ja Liivimaale, autoklubide asutamisest, varajastest v\u00f5idus\u00f5itudest, liikluskorraldusest, \u00fchistranspordist, tulet\u00f5rjeautodest, lennundusest ning siinsetest auto-mototehnika tootjatest. Suurteosest leiab sadu haruldasi fotosid, mis aitavad ammuse aja t\u00e4nasele lugejale l\u00e4hemale tuua. Tegu on k\u00f5ige p\u00f5hjalikuma \u00fclevaatega autonduse s\u00fcnnist Eestis.<\/p>\n<p>Tekst ja illustratsioonid: Ren\u00e9 Levoll<\/p>\n<p>Toimetaja: Lea Arme<\/p>\n<p>Ilmumisaasta: 2021<\/p>\n<p>Lehek\u00fclgi: 520<\/p>\n","protected":false},"featured_media":22527,"template":"","meta":[],"product_cat":[82],"product_tag":[],"acf":[],"yoast_head":"<!-- This site is optimized with the Yoast SEO plugin v21.3 - https:\/\/yoast.com\/wordpress\/plugins\/seo\/ -->\n<title>RAAMAT &quot;Automotokroonika. Tsaariaeg&quot; - LaitseRallyPark<\/title>\n<meta name=\"description\" content=\"Suurteos esimeste mootors\u00f5idukite j\u00f5udmisest Eesti- ja Liivimaale, autoklubide asutamisest, varajastest v\u00f5idus\u00f5itudest ja paljust muust.\" \/>\n<meta name=\"robots\" content=\"noindex, follow, max-snippet:-1, max-image-preview:large, max-video-preview:-1\" \/>\n<meta property=\"og:locale\" content=\"en_US\" \/>\n<meta property=\"og:type\" content=\"article\" \/>\n<meta property=\"og:title\" content=\"RAAMAT &quot;Automotokroonika. Tsaariaeg&quot; - LaitseRallyPark\" \/>\n<meta property=\"og:description\" content=\"Suurteos esimeste mootors\u00f5idukite j\u00f5udmisest Eesti- ja Liivimaale, autoklubide asutamisest, varajastest v\u00f5idus\u00f5itudest ja paljust muust.\" \/>\n<meta property=\"og:url\" content=\"https:\/\/old.laitserallypark.ee\/toode\/automotokronika-tsaariaeg\/\" \/>\n<meta property=\"og:site_name\" content=\"LaitseRallyPark\" \/>\n<meta property=\"article:publisher\" content=\"https:\/\/www.facebook.com\/LaitseRallyPark\/\" \/>\n<meta property=\"article:modified_time\" content=\"2025-02-06T18:39:06+00:00\" \/>\n<meta property=\"og:image\" content=\"https:\/\/old.laitserallypark.ee\/wp-content\/uploads\/2021\/11\/IMG_20211110_182137a-scaled.jpg\" \/>\n\t<meta property=\"og:image:width\" content=\"2143\" \/>\n\t<meta property=\"og:image:height\" content=\"2560\" \/>\n\t<meta property=\"og:image:type\" content=\"image\/jpeg\" \/>\n<meta name=\"twitter:card\" content=\"summary_large_image\" \/>\n<meta name=\"twitter:label1\" content=\"Est. reading time\" \/>\n\t<meta name=\"twitter:data1\" content=\"1 minute\" \/>\n<script type=\"application\/ld+json\" class=\"yoast-schema-graph\">{\"@context\":\"https:\/\/schema.org\",\"@graph\":[{\"@type\":\"WebPage\",\"@id\":\"https:\/\/old.laitserallypark.ee\/toode\/automotokronika-tsaariaeg\/\",\"url\":\"https:\/\/old.laitserallypark.ee\/toode\/automotokronika-tsaariaeg\/\",\"name\":\"RAAMAT \\\"Automotokroonika. Tsaariaeg\\\" - LaitseRallyPark\",\"isPartOf\":{\"@id\":\"https:\/\/old.laitserallypark.ee\/#website\"},\"datePublished\":\"2021-11-15T12:05:47+00:00\",\"dateModified\":\"2025-02-06T18:39:06+00:00\",\"description\":\"Suurteos esimeste mootors\u00f5idukite j\u00f5udmisest Eesti- ja Liivimaale, autoklubide asutamisest, varajastest v\u00f5idus\u00f5itudest ja paljust muust.\",\"breadcrumb\":{\"@id\":\"https:\/\/old.laitserallypark.ee\/toode\/automotokronika-tsaariaeg\/#breadcrumb\"},\"inLanguage\":\"en-US\",\"potentialAction\":[{\"@type\":\"ReadAction\",\"target\":[\"https:\/\/old.laitserallypark.ee\/toode\/automotokronika-tsaariaeg\/\"]}]},{\"@type\":\"BreadcrumbList\",\"@id\":\"https:\/\/old.laitserallypark.ee\/toode\/automotokronika-tsaariaeg\/#breadcrumb\",\"itemListElement\":[{\"@type\":\"ListItem\",\"position\":1,\"name\":\"Home\",\"item\":\"https:\/\/old.laitserallypark.ee\/en\/\"},{\"@type\":\"ListItem\",\"position\":2,\"name\":\"E-pood\",\"item\":\"https:\/\/old.laitserallypark.ee\/pood\/\"},{\"@type\":\"ListItem\",\"position\":3,\"name\":\"RAAMAT &#8220;Automotokroonika. Tsaariaeg&#8221;\"}]},{\"@type\":\"WebSite\",\"@id\":\"https:\/\/old.laitserallypark.ee\/#website\",\"url\":\"https:\/\/old.laitserallypark.ee\/\",\"name\":\"LaitseRallyPark\",\"description\":\"LaitseRallyPark\",\"potentialAction\":[{\"@type\":\"SearchAction\",\"target\":{\"@type\":\"EntryPoint\",\"urlTemplate\":\"https:\/\/old.laitserallypark.ee\/search\/{search_term_string}\"},\"query-input\":\"required name=search_term_string\"}],\"inLanguage\":\"en-US\"}]}<\/script>\n<!-- \/ Yoast SEO plugin. -->","yoast_head_json":{"title":"RAAMAT \"Automotokroonika. Tsaariaeg\" - LaitseRallyPark","description":"Suurteos esimeste mootors\u00f5idukite j\u00f5udmisest Eesti- ja Liivimaale, autoklubide asutamisest, varajastest v\u00f5idus\u00f5itudest ja paljust muust.","robots":{"index":"noindex","follow":"follow","max-snippet":"max-snippet:-1","max-image-preview":"max-image-preview:large","max-video-preview":"max-video-preview:-1"},"og_locale":"en_US","og_type":"article","og_title":"RAAMAT \"Automotokroonika. Tsaariaeg\" - LaitseRallyPark","og_description":"Suurteos esimeste mootors\u00f5idukite j\u00f5udmisest Eesti- ja Liivimaale, autoklubide asutamisest, varajastest v\u00f5idus\u00f5itudest ja paljust muust.","og_url":"https:\/\/old.laitserallypark.ee\/toode\/automotokronika-tsaariaeg\/","og_site_name":"LaitseRallyPark","article_publisher":"https:\/\/www.facebook.com\/LaitseRallyPark\/","article_modified_time":"2025-02-06T18:39:06+00:00","og_image":[{"width":2143,"height":2560,"url":"https:\/\/old.laitserallypark.ee\/wp-content\/uploads\/2021\/11\/IMG_20211110_182137a-scaled.jpg","type":"image\/jpeg"}],"twitter_card":"summary_large_image","twitter_misc":{"Est. reading time":"1 minute"},"schema":{"@context":"https:\/\/schema.org","@graph":[{"@type":"WebPage","@id":"https:\/\/old.laitserallypark.ee\/toode\/automotokronika-tsaariaeg\/","url":"https:\/\/old.laitserallypark.ee\/toode\/automotokronika-tsaariaeg\/","name":"RAAMAT \"Automotokroonika. Tsaariaeg\" - LaitseRallyPark","isPartOf":{"@id":"https:\/\/old.laitserallypark.ee\/#website"},"datePublished":"2021-11-15T12:05:47+00:00","dateModified":"2025-02-06T18:39:06+00:00","description":"Suurteos esimeste mootors\u00f5idukite j\u00f5udmisest Eesti- ja Liivimaale, autoklubide asutamisest, varajastest v\u00f5idus\u00f5itudest ja paljust muust.","breadcrumb":{"@id":"https:\/\/old.laitserallypark.ee\/toode\/automotokronika-tsaariaeg\/#breadcrumb"},"inLanguage":"en-US","potentialAction":[{"@type":"ReadAction","target":["https:\/\/old.laitserallypark.ee\/toode\/automotokronika-tsaariaeg\/"]}]},{"@type":"BreadcrumbList","@id":"https:\/\/old.laitserallypark.ee\/toode\/automotokronika-tsaariaeg\/#breadcrumb","itemListElement":[{"@type":"ListItem","position":1,"name":"Home","item":"https:\/\/old.laitserallypark.ee\/en\/"},{"@type":"ListItem","position":2,"name":"E-pood","item":"https:\/\/old.laitserallypark.ee\/pood\/"},{"@type":"ListItem","position":3,"name":"RAAMAT &#8220;Automotokroonika. Tsaariaeg&#8221;"}]},{"@type":"WebSite","@id":"https:\/\/old.laitserallypark.ee\/#website","url":"https:\/\/old.laitserallypark.ee\/","name":"LaitseRallyPark","description":"LaitseRallyPark","potentialAction":[{"@type":"SearchAction","target":{"@type":"EntryPoint","urlTemplate":"https:\/\/old.laitserallypark.ee\/search\/{search_term_string}"},"query-input":"required name=search_term_string"}],"inLanguage":"en-US"}]}},"_links":{"self":[{"href":"https:\/\/old.laitserallypark.ee\/en\/wp-json\/wp\/v2\/product\/22506"}],"collection":[{"href":"https:\/\/old.laitserallypark.ee\/en\/wp-json\/wp\/v2\/product"}],"about":[{"href":"https:\/\/old.laitserallypark.ee\/en\/wp-json\/wp\/v2\/types\/product"}],"wp:featuredmedia":[{"embeddable":true,"href":"https:\/\/old.laitserallypark.ee\/en\/wp-json\/wp\/v2\/media\/22527"}],"wp:attachment":[{"href":"https:\/\/old.laitserallypark.ee\/en\/wp-json\/wp\/v2\/media?parent=22506"}],"wp:term":[{"taxonomy":"product_cat","embeddable":true,"href":"https:\/\/old.laitserallypark.ee\/en\/wp-json\/wp\/v2\/product_cat?post=22506"},{"taxonomy":"product_tag","embeddable":true,"href":"https:\/\/old.laitserallypark.ee\/en\/wp-json\/wp\/v2\/product_tag?post=22506"}],"curies":[{"name":"wp","href":"https:\/\/api.w.org\/{rel}","templated":true}]}}