{"id":19140,"date":"2019-11-08T15:08:39","date_gmt":"2019-11-08T13:08:39","guid":{"rendered":"https:\/\/laitserallypark.ee\/?post_type=product&#038;p=19140"},"modified":"2020-11-23T22:31:06","modified_gmt":"2020-11-23T20:31:06","slug":"lasteala","status":"publish","type":"product","link":"https:\/\/old.laitserallypark.ee\/en\/toode\/lasteala\/","title":{"rendered":"Lasteala"},"content":{"rendered":"<p><\/p><input class=\"fooboxshare_post_id\" type=\"hidden\" value=\"19140\"\/>","protected":false},"excerpt":{"rendered":"<p>Elamus on parim kingitus!<\/p>\n<p><strong>LaitseRallyParki kinkekaart<\/strong>\u00a0on suurep\u00e4rane ja meeldej\u00e4\u00e4v kingitus nii heale s\u00f5brale, pereliikmele kui kolleegile.<br \/>\nKinkekaardiga saab realiseerida mistahes LaitseRallyParki teenuse. Kinkekaardi soetamine on \u00fclimalt lihtne: peale ostu sooritamist saadetakse kinkekaart sinu meilile, mille j\u00e4rel on v\u00f5imalik kinkekaart v\u00e4lja printida.<\/p>\n<p>Kui soovite kinkekaarti posti teel v\u00f5i tasuda arve alusel, palun v\u00f5ta meiega \u00fchendust tel. +372 671 6067 v\u00f5i info@laitserallypark.ee.<\/p>\n<p>Kinkekaardi vormistamine ja ostmine v\u00f5tab k\u00f5igest m\u00f5ne minuti:<\/p>\n<ol>\n<li>tutvu kinkekaardi n\u00e4idistega ja vali endale meelep\u00e4rane;<\/li>\n<li>lisa kinkekaardile sobiv summa e. v\u00e4\u00e4rtus, mille ulatuses kingisaaja saab endale LaitseRallyParki elamusi valida;<\/li>\n<li>liigu edasi ostukorvi, sisesta lahtritesse enda kontaktandmed ja kontrolli, et k\u00f5ik oleks korrektne;<\/li>\n<li>kirjuta &#8220;S\u00f5num kinkekaardile&#8221; aknasse s\u00f5num kingisaajale, mida soovid kinkekaardile;<\/li>\n<li>tasu kinkekaardi eest pangalingi abil (Swedbank, Luminor, SEB, Coop Pank, LHV, Pocopay);<\/li>\n<li>peale tasumist saadetakse kinkekaart sinu meilile.<br \/>\nJa ongi valmis!<\/li>\n<\/ol>\n<h4>Kinkekaarti realiseerima tulles on vaja kinkekaart LaitseRallyParki kaasa v\u00f5tta ja realiseerida \u00fche korraga. Kinkekaart kehtib 1 aasta v\u00e4ltel, kinkekaardil m\u00e4rgitud ajavahemikul ja ei ole vahetatav raha vastu. Kui teenuse v\u00f5i teenuste maksumus on kinkekaardil m\u00e4rgitud v\u00e4\u00e4rtusest v\u00e4iksem, vaheraha ei tagastata, kui aga suurem, on v\u00f5imalik vahe juurde tasuda LaitseRallyParki kassas.<\/h4>\n<p>Tutvu kindlasti enne ostu sooritamist kinkekaardi n\u00e4idise ja m\u00fc\u00fcgitingimustega.<\/p>\n","protected":false},"featured_media":19324,"template":"","meta":[],"product_cat":[87],"product_tag":[],"acf":[],"yoast_head":"<!-- This site is optimized with the Yoast SEO plugin v21.3 - https:\/\/yoast.com\/wordpress\/plugins\/seo\/ -->\n<title>Lasteala - LaitseRallyPark<\/title>\n<meta name=\"robots\" content=\"noindex, follow, max-snippet:-1, max-image-preview:large, max-video-preview:-1\" \/>\n<meta property=\"og:locale\" content=\"en_US\" \/>\n<meta property=\"og:type\" content=\"article\" \/>\n<meta property=\"og:title\" content=\"Lasteala - LaitseRallyPark\" \/>\n<meta property=\"og:description\" content=\"Elamus on parim kingitus!  LaitseRallyParki kinkekaart\u00a0on suurep\u00e4rane ja meeldej\u00e4\u00e4v kingitus nii heale s\u00f5brale, pereliikmele kui kolleegile. Kinkekaardiga saab realiseerida mistahes LaitseRallyParki teenuse. Kinkekaardi soetamine on \u00fclimalt lihtne: peale ostu sooritamist saadetakse kinkekaart sinu meilile, mille j\u00e4rel on v\u00f5imalik kinkekaart v\u00e4lja printida.  Kui soovite kinkekaarti posti teel v\u00f5i tasuda arve alusel, palun v\u00f5ta meiega \u00fchendust tel. +372 671 6067 v\u00f5i info@laitserallypark.ee.  Kinkekaardi vormistamine ja ostmine v\u00f5tab k\u00f5igest m\u00f5ne minuti:   tutvu kinkekaardi n\u00e4idistega ja vali endale meelep\u00e4rane;  lisa kinkekaardile sobiv summa e. v\u00e4\u00e4rtus, mille ulatuses kingisaaja saab endale LaitseRallyParki elamusi valida;  liigu edasi ostukorvi, sisesta lahtritesse enda kontaktandmed ja kontrolli, et k\u00f5ik oleks korrektne;  kirjuta &quot;S\u00f5num kinkekaardile&quot; aknasse s\u00f5num kingisaajale, mida soovid kinkekaardile;  tasu kinkekaardi eest pangalingi abil (Swedbank, Luminor, SEB, Coop Pank, LHV, Pocopay);  peale tasumist saadetakse kinkekaart sinu meilile. Ja ongi valmis!  Kinkekaarti realiseerima tulles on vaja kinkekaart LaitseRallyParki kaasa v\u00f5tta ja realiseerida \u00fche korraga. Kinkekaart kehtib 1 aasta v\u00e4ltel, kinkekaardil m\u00e4rgitud ajavahemikul ja ei ole vahetatav raha vastu. Kui teenuse v\u00f5i teenuste maksumus on kinkekaardil m\u00e4rgitud v\u00e4\u00e4rtusest v\u00e4iksem, vaheraha ei tagastata, kui aga suurem, on v\u00f5imalik vahe juurde tasuda LaitseRallyParki kassas. Tutvu kindlasti enne ostu sooritamist kinkekaardi n\u00e4idise ja m\u00fc\u00fcgitingimustega.\" \/>\n<meta property=\"og:url\" content=\"https:\/\/old.laitserallypark.ee\/toode\/lasteala\/\" \/>\n<meta property=\"og:site_name\" content=\"LaitseRallyPark\" \/>\n<meta property=\"article:publisher\" content=\"https:\/\/www.facebook.com\/LaitseRallyPark\/\" \/>\n<meta property=\"article:modified_time\" content=\"2020-11-23T20:31:06+00:00\" \/>\n<meta property=\"og:image\" content=\"https:\/\/old.laitserallypark.ee\/wp-content\/uploads\/2019\/11\/Lasteala3-730x1024.jpg\" \/>\n\t<meta property=\"og:image:width\" content=\"730\" \/>\n\t<meta property=\"og:image:height\" content=\"1024\" \/>\n\t<meta property=\"og:image:type\" content=\"image\/jpeg\" \/>\n<meta name=\"twitter:card\" content=\"summary_large_image\" \/>\n<script type=\"application\/ld+json\" class=\"yoast-schema-graph\">{\"@context\":\"https:\/\/schema.org\",\"@graph\":[{\"@type\":\"WebPage\",\"@id\":\"https:\/\/old.laitserallypark.ee\/toode\/lasteala\/\",\"url\":\"https:\/\/old.laitserallypark.ee\/toode\/lasteala\/\",\"name\":\"Lasteala - LaitseRallyPark\",\"isPartOf\":{\"@id\":\"https:\/\/old.laitserallypark.ee\/#website\"},\"datePublished\":\"2019-11-08T13:08:39+00:00\",\"dateModified\":\"2020-11-23T20:31:06+00:00\",\"breadcrumb\":{\"@id\":\"https:\/\/old.laitserallypark.ee\/toode\/lasteala\/#breadcrumb\"},\"inLanguage\":\"en-US\",\"potentialAction\":[{\"@type\":\"ReadAction\",\"target\":[\"https:\/\/old.laitserallypark.ee\/toode\/lasteala\/\"]}]},{\"@type\":\"BreadcrumbList\",\"@id\":\"https:\/\/old.laitserallypark.ee\/toode\/lasteala\/#breadcrumb\",\"itemListElement\":[{\"@type\":\"ListItem\",\"position\":1,\"name\":\"Home\",\"item\":\"https:\/\/old.laitserallypark.ee\/en\/\"},{\"@type\":\"ListItem\",\"position\":2,\"name\":\"E-pood\",\"item\":\"https:\/\/old.laitserallypark.ee\/pood\/\"},{\"@type\":\"ListItem\",\"position\":3,\"name\":\"Lasteala\"}]},{\"@type\":\"WebSite\",\"@id\":\"https:\/\/old.laitserallypark.ee\/#website\",\"url\":\"https:\/\/old.laitserallypark.ee\/\",\"name\":\"LaitseRallyPark\",\"description\":\"LaitseRallyPark\",\"potentialAction\":[{\"@type\":\"SearchAction\",\"target\":{\"@type\":\"EntryPoint\",\"urlTemplate\":\"https:\/\/old.laitserallypark.ee\/search\/{search_term_string}\"},\"query-input\":\"required name=search_term_string\"}],\"inLanguage\":\"en-US\"}]}<\/script>\n<!-- \/ Yoast SEO plugin. -->","yoast_head_json":{"title":"Lasteala - LaitseRallyPark","robots":{"index":"noindex","follow":"follow","max-snippet":"max-snippet:-1","max-image-preview":"max-image-preview:large","max-video-preview":"max-video-preview:-1"},"og_locale":"en_US","og_type":"article","og_title":"Lasteala - LaitseRallyPark","og_description":"Elamus on parim kingitus!  LaitseRallyParki kinkekaart\u00a0on suurep\u00e4rane ja meeldej\u00e4\u00e4v kingitus nii heale s\u00f5brale, pereliikmele kui kolleegile. Kinkekaardiga saab realiseerida mistahes LaitseRallyParki teenuse. Kinkekaardi soetamine on \u00fclimalt lihtne: peale ostu sooritamist saadetakse kinkekaart sinu meilile, mille j\u00e4rel on v\u00f5imalik kinkekaart v\u00e4lja printida.  Kui soovite kinkekaarti posti teel v\u00f5i tasuda arve alusel, palun v\u00f5ta meiega \u00fchendust tel. +372 671 6067 v\u00f5i info@laitserallypark.ee.  Kinkekaardi vormistamine ja ostmine v\u00f5tab k\u00f5igest m\u00f5ne minuti:   tutvu kinkekaardi n\u00e4idistega ja vali endale meelep\u00e4rane;  lisa kinkekaardile sobiv summa e. v\u00e4\u00e4rtus, mille ulatuses kingisaaja saab endale LaitseRallyParki elamusi valida;  liigu edasi ostukorvi, sisesta lahtritesse enda kontaktandmed ja kontrolli, et k\u00f5ik oleks korrektne;  kirjuta \"S\u00f5num kinkekaardile\" aknasse s\u00f5num kingisaajale, mida soovid kinkekaardile;  tasu kinkekaardi eest pangalingi abil (Swedbank, Luminor, SEB, Coop Pank, LHV, Pocopay);  peale tasumist saadetakse kinkekaart sinu meilile. Ja ongi valmis!  Kinkekaarti realiseerima tulles on vaja kinkekaart LaitseRallyParki kaasa v\u00f5tta ja realiseerida \u00fche korraga. Kinkekaart kehtib 1 aasta v\u00e4ltel, kinkekaardil m\u00e4rgitud ajavahemikul ja ei ole vahetatav raha vastu. Kui teenuse v\u00f5i teenuste maksumus on kinkekaardil m\u00e4rgitud v\u00e4\u00e4rtusest v\u00e4iksem, vaheraha ei tagastata, kui aga suurem, on v\u00f5imalik vahe juurde tasuda LaitseRallyParki kassas. Tutvu kindlasti enne ostu sooritamist kinkekaardi n\u00e4idise ja m\u00fc\u00fcgitingimustega.","og_url":"https:\/\/old.laitserallypark.ee\/toode\/lasteala\/","og_site_name":"LaitseRallyPark","article_publisher":"https:\/\/www.facebook.com\/LaitseRallyPark\/","article_modified_time":"2020-11-23T20:31:06+00:00","og_image":[{"width":730,"height":1024,"url":"https:\/\/old.laitserallypark.ee\/wp-content\/uploads\/2019\/11\/Lasteala3-730x1024.jpg","type":"image\/jpeg"}],"twitter_card":"summary_large_image","schema":{"@context":"https:\/\/schema.org","@graph":[{"@type":"WebPage","@id":"https:\/\/old.laitserallypark.ee\/toode\/lasteala\/","url":"https:\/\/old.laitserallypark.ee\/toode\/lasteala\/","name":"Lasteala - LaitseRallyPark","isPartOf":{"@id":"https:\/\/old.laitserallypark.ee\/#website"},"datePublished":"2019-11-08T13:08:39+00:00","dateModified":"2020-11-23T20:31:06+00:00","breadcrumb":{"@id":"https:\/\/old.laitserallypark.ee\/toode\/lasteala\/#breadcrumb"},"inLanguage":"en-US","potentialAction":[{"@type":"ReadAction","target":["https:\/\/old.laitserallypark.ee\/toode\/lasteala\/"]}]},{"@type":"BreadcrumbList","@id":"https:\/\/old.laitserallypark.ee\/toode\/lasteala\/#breadcrumb","itemListElement":[{"@type":"ListItem","position":1,"name":"Home","item":"https:\/\/old.laitserallypark.ee\/en\/"},{"@type":"ListItem","position":2,"name":"E-pood","item":"https:\/\/old.laitserallypark.ee\/pood\/"},{"@type":"ListItem","position":3,"name":"Lasteala"}]},{"@type":"WebSite","@id":"https:\/\/old.laitserallypark.ee\/#website","url":"https:\/\/old.laitserallypark.ee\/","name":"LaitseRallyPark","description":"LaitseRallyPark","potentialAction":[{"@type":"SearchAction","target":{"@type":"EntryPoint","urlTemplate":"https:\/\/old.laitserallypark.ee\/search\/{search_term_string}"},"query-input":"required name=search_term_string"}],"inLanguage":"en-US"}]}},"_links":{"self":[{"href":"https:\/\/old.laitserallypark.ee\/en\/wp-json\/wp\/v2\/product\/19140"}],"collection":[{"href":"https:\/\/old.laitserallypark.ee\/en\/wp-json\/wp\/v2\/product"}],"about":[{"href":"https:\/\/old.laitserallypark.ee\/en\/wp-json\/wp\/v2\/types\/product"}],"wp:featuredmedia":[{"embeddable":true,"href":"https:\/\/old.laitserallypark.ee\/en\/wp-json\/wp\/v2\/media\/19324"}],"wp:attachment":[{"href":"https:\/\/old.laitserallypark.ee\/en\/wp-json\/wp\/v2\/media?parent=19140"}],"wp:term":[{"taxonomy":"product_cat","embeddable":true,"href":"https:\/\/old.laitserallypark.ee\/en\/wp-json\/wp\/v2\/product_cat?post=19140"},{"taxonomy":"product_tag","embeddable":true,"href":"https:\/\/old.laitserallypark.ee\/en\/wp-json\/wp\/v2\/product_tag?post=19140"}],"curies":[{"name":"wp","href":"https:\/\/api.w.org\/{rel}","templated":true}]}}